{"id":3,"date":"2024-10-08T18:16:42","date_gmt":"2024-10-08T16:16:42","guid":{"rendered":"https:\/\/diezretos.com\/?page_id=3"},"modified":"2024-10-22T19:18:48","modified_gmt":"2024-10-22T17:18:48","slug":"politica-privacidad","status":"publish","type":"page","link":"https:\/\/diezretos.com\/en\/politica-privacidad\/","title":{"rendered":"Privacy Policy"},"content":{"rendered":"\t\t<div data-elementor-type=\"wp-page\" data-elementor-id=\"3\" class=\"elementor elementor-3\" data-elementor-post-type=\"page\">\n\t\t\t\t<div class=\"elementor-element elementor-element-43da60c5 e-flex e-con-boxed elementor-invisible e-con e-parent\" data-id=\"43da60c5\" data-element_type=\"container\" data-e-type=\"container\" data-settings=\"{&quot;background_background&quot;:&quot;classic&quot;,&quot;shape_divider_bottom&quot;:&quot;opacity-tilt&quot;,&quot;sticky&quot;:&quot;top&quot;,&quot;animation&quot;:&quot;fadeInDown&quot;,&quot;sticky_on&quot;:[&quot;desktop&quot;,&quot;tablet&quot;,&quot;mobile&quot;],&quot;sticky_offset&quot;:0,&quot;sticky_effects_offset&quot;:0,&quot;sticky_anchor_link_offset&quot;:0}\">\n\t\t\t\t\t<div class=\"e-con-inner\">\n\t\t\t\t<div class=\"elementor-shape elementor-shape-bottom\" aria-hidden=\"true\" data-negative=\"false\">\n\t\t\t<svg xmlns=\"http:\/\/www.w3.org\/2000\/svg\" viewBox=\"0 0 2600 131.1\" preserveAspectRatio=\"none\">\n\t<path class=\"elementor-shape-fill\" d=\"M0 0L2600 0 2600 69.1 0 0z\"\/>\n\t<path class=\"elementor-shape-fill\" style=\"opacity:0.5\" d=\"M0 0L2600 0 2600 69.1 0 69.1z\"\/>\n\t<path class=\"elementor-shape-fill\" style=\"opacity:0.25\" d=\"M2600 0L0 0 0 130.1 2600 69.1z\"\/>\n<\/svg>\t\t<\/div>\n\t\t\t\t<div class=\"elementor-element elementor-element-5dddb3c7 elementor-widget elementor-widget-image\" data-id=\"5dddb3c7\" data-element_type=\"widget\" data-e-type=\"widget\" data-widget_type=\"image.default\">\n\t\t\t\t<div class=\"elementor-widget-container\">\n\t\t\t\t\t\t\t\t\t\t\t\t\t\t\t\t<a href=\"https:\/\/diezretos.com\/\">\n\t\t\t\t\t\t\t<img fetchpriority=\"high\" decoding=\"async\" width=\"511\" height=\"193\" src=\"https:\/\/diezretos.com\/wp-content\/uploads\/2024\/10\/logo-10-retos-1.png\" class=\"attachment-full size-full wp-image-24\" alt=\"\" srcset=\"https:\/\/diezretos.com\/wp-content\/uploads\/2024\/10\/logo-10-retos-1.png 511w, https:\/\/diezretos.com\/wp-content\/uploads\/2024\/10\/logo-10-retos-1-300x113.png 300w\" sizes=\"(max-width: 511px) 100vw, 511px\" \/>\t\t\t\t\t\t\t\t<\/a>\n\t\t\t\t\t\t\t\t\t\t\t\t\t\t\t<\/div>\n\t\t\t\t<\/div>\n\t\t\t\t\t<\/div>\n\t\t\t\t<\/div>\n\t\t<div class=\"elementor-element elementor-element-4527327c e-flex e-con-boxed e-con e-parent\" data-id=\"4527327c\" data-element_type=\"container\" data-e-type=\"container\">\n\t\t\t\t\t<div class=\"e-con-inner\">\n\t\t\t\t<div class=\"elementor-element elementor-element-4d94e985 elementor-widget elementor-widget-text-editor\" data-id=\"4d94e985\" data-element_type=\"widget\" data-e-type=\"widget\" data-widget_type=\"text-editor.default\">\n\t\t\t\t<div class=\"elementor-widget-container\">\n\t\t\t\t\t\t\t\t\t<p><\/p>\n<div>\n<h1 class=\"wp-block-heading\"><b>POL\u00cdTICA DE PRIVACIDAD<\/b><\/h1>\n<\/div>\n<p>En Europa y en Espa\u00f1a existen normas de protecci\u00f3n de datos pensadas para proteger su informaci\u00f3n personal de obligado cumplimiento para nuestra entidad.<\/p>\n<p>Por ello, es muy importante para nosotros que entienda perfectamente qu\u00e9 vamos a hacer con los datos personales que le pedimos.<br \/>As\u00ed, seremos transparentes y le daremos el control de sus datos, con un lenguaje sencillo y opciones claras que le permitir\u00e1n decidir qu\u00e9 haremos con su informaci\u00f3n personal.<\/p>\n<p>Por favor, si una vez le\u00edda la presente informaci\u00f3n le queda alguna duda, no dude en preguntarnos.<br \/>Muchas gracias por su colaboraci\u00f3n.<\/p>\n<p><b><span style=\"color: inherit; font-family: inherit; font-size: 1.25rem; text-align: var(--text-align);\">\u00bfQUI\u00c9NES SOMOS?<\/span><br \/><\/b><\/p>\n<ul>\n<li>Nuestra denominaci\u00f3n: AURELIAN BIOTECH Sociedad Limitada<\/li>\n<li>Nuestro CIF \/ NIF: B-72498611<\/li>\n<li>Nuestra actividad principal: Biotecnolog\u00eda<\/li>\n<li>Nuestra direcci\u00f3n: Calle Cabo de Palos n\u00ba8. Urbanizaci\u00f3n ALTORREAL\u00a030506. Molina de Segura-Murcia (Espa\u00f1a)<\/li>\n<li>Nuestra direcci\u00f3n de correo electr\u00f3nico de contacto: info@biaurelian.com<\/li>\n<li>Nuestra p\u00e1gina web: https:\/\/biaurelian.com<\/li>\n<\/ul>\n<div>\u00a0<\/div>\n<div><b><span style=\"color: inherit; font-family: inherit; font-size: 1.25rem; text-align: var(--text-align);\">\u00bfPARA QU\u00c9 VAMOS A USAR SUS DATOS?<\/span><br \/><\/b><\/div>\n<p>Con car\u00e1cter general, sus datos personales ser\u00e1n usados para poder relacionarnos con usted y poder prestarle nuestros servicios.<br \/>Asimismo, tambi\u00e9n pueden ser usados para otras actividades, como enviarle publicidad o promocionar nuestras actividades.<\/p>\n<p><b><span style=\"color: inherit; font-family: inherit; font-size: 1.25rem; text-align: var(--text-align);\">\u00bfPOR QU\u00c9 NECESITAMOS USAR SUS DATOS?<\/span><br \/><\/b><\/p>\n<p>Sus datos personales son necesarios para poder relacionarnos con usted y poder prestarle nuestros servicios. En este sentido, pondremos a su disposici\u00f3n una serie de casillas que le permitir\u00e1n decidir de manera clara y sencilla sobre el uso de su informaci\u00f3n personal.<\/p>\n<p><b><span style=\"color: inherit; font-family: inherit; font-size: 1.25rem; text-align: var(--text-align);\">\u00bfQUI\u00c9N VA A CONOCER LA INFORMACI\u00d3N QUE LE PEDIMOS?<\/span><br \/><\/b><\/p>\n<p>Con car\u00e1cter general, s\u00f3lo el personal de nuestra entidad que est\u00e9 debidamente autorizado podr\u00e1 tener conocimiento de la informaci\u00f3n que le pedimos.<\/p>\n<p>De igual modo, podr\u00e1n tener conocimiento de su informaci\u00f3n personal aquellas entidades que necesiten tener acceso a la misma para que podamos prestarle nuestros servicios. As\u00ed por ejemplo, nuestro banco conocer\u00e1 sus datos si el pago de nuestros servicios se realiza mediante tarjeta o transferencia bancaria.<\/p>\n<p>Asimismo, tendr\u00e1n conocimiento de su informaci\u00f3n aquellas entidades p\u00fablicas o privadas a las cuales estemos obligados a facilitar sus datos personales con motivo del cumplimiento de alguna ley. Poni\u00e9ndole un ejemplo, la Ley Tributaria obliga a facilitar a la Agencia Tributaria determinada informaci\u00f3n sobre operaciones econ\u00f3micas que superen una determinada cantidad.<\/p>\n<p>En el caso de que, al margen de los supuestos comentados, necesitemos dar a conocer\u00a0 su informaci\u00f3n personal a otras entidades, le solicitaremos previamente su permiso a trav\u00e9s de opciones claras que le permitir\u00e1n decidir a este respecto.<\/p>\n<p><span style=\"color: var( --e-global-color-text ); text-align: var(--text-align); font-size: 20px;\"><b>INFORMACI\u00d3N IMPORTANTE SOBRE COOKIES<\/b><\/span><\/p>\n<p><span style=\"color: var( --e-global-color-text ); text-align: var(--text-align); font-size: 1rem;\">Utilizamos la herramienta de consentimiento \u00abReal Cookie Banner\u00bb para gestionar las cookies y otras tecnolog\u00edas similares utilizadas (p\u00edxeles de seguimiento, balizas web, etc.), y los consentimientos relacionados a las mismas. Encontrar\u00e1 informaci\u00f3n detallada sobre el funcionamiento de \u00abReal Cookie Banner\u00bb en\u00a0<\/span><a href=\"https:\/\/devowl.io\/rcb\/data-processing\/\" rel=\"noreferrer\" target=\"_blank\">https:\/\/devowl.io\/rcb\/data-processing\/<\/a>.<\/p>\n<p>La base legal para el tratamiento de datos personales en este contexto son el Art\u00edculo 6 (1) sub. c del RGPD y el Art\u00edculo 6 (1) sub. f RGPD. Nuestro inter\u00e9s leg\u00edtimo es la gesti\u00f3n de las cookies y tecnolog\u00edas similares utilizadas y los consentimientos relacionados.<\/p>\n<p>El suministro de datos personales no es obligatorio por contrato ni necesario para la celebraci\u00f3n de un contrato. Usted no est\u00e1 obligado a facilitar sus datos personales. Pero si no lo hace, no podremos gestionar sus consentimientos.<\/p>\n<p><b><span style=\"color: inherit; font-family: inherit; font-size: 1.25rem; text-align: var(--text-align);\">\u00bfC\u00d3MO VAMOS A PROTEGER SUS DATOS?<\/span><br \/><\/b><\/p>\n<p>Protegeremos sus datos con medidas de seguridad eficaces en funci\u00f3n de los riesgos que conlleve el uso de su informaci\u00f3n.<\/p>\n<p>Para ello, nuestra entidad ha aprobado una Pol\u00edtica de Protecci\u00f3n de Datos y se realizan controles y auditor\u00edas anuales para verificar que sus datos personales est\u00e1n seguros en todo momento.<\/p>\n<p><b><span style=\"color: inherit; font-family: inherit; font-size: 1.25rem; text-align: var(--text-align);\">\u00bfENVIAREMOS SUS DATOS A OTROS PA\u00cdSES?<\/span><br \/><\/b><\/p>\n<p>En el mundo hay pa\u00edses que son seguros para sus datos y otros que no lo son tanto. As\u00ed por ejemplo, la Uni\u00f3n Europea es un entorno seguro para sus datos. Nuestra pol\u00edtica es no enviar su informaci\u00f3n personal a ning\u00fan pa\u00eds que no sea seguro desde el punto de vista de la protecci\u00f3n de sus datos.<\/p>\n<p>En el caso de que, con motivo de prestarle el servicio, sea imprescindible enviar sus datos a un pa\u00eds que no sea tan seguro como Espa\u00f1a, siempre le solicitaremos previamente su permiso y aplicaremos medidas de seguridad eficaces que reduzcan los riesgos del env\u00edo de su informaci\u00f3n personal a otro pa\u00eds.<\/p>\n<p><b><span style=\"color: inherit; font-family: inherit; font-size: 1.25rem; text-align: var(--text-align);\">\u00bfDURANTE CU\u00c1NTO TIEMPO VAMOS A CONSERVAR SUS DATOS?<\/span><br \/><\/b><\/p>\n<p>Conservaremos sus datos durante nuestra relaci\u00f3n y mientras nos obliguen las leyes. Una vez finalizados los plazos legales aplicables, procederemos a eliminarlos de forma segura y respetuosa con el medio ambiente.<\/p>\n<p><b><span style=\"color: inherit; font-family: inherit; font-size: 1.25rem; text-align: var(--text-align);\">\u00bfCU\u00c1LES SON SUS DERECHOS DE PROTECCI\u00d3N DE DATOS?<\/span><br \/><\/b><\/p>\n<p>En cualquier momento puede dirigirse a nosotros para saber qu\u00e9 informaci\u00f3n tenemos sobre usted, rectificarla si fuese incorrecta y eliminarla una vez finalizada nuestra relaci\u00f3n, en el caso de que ello sea legalmente posible.<\/p>\n<p>Tambi\u00e9n tiene derecho a solicitar el traspaso de su informaci\u00f3n a otra entidad. Este derecho se llama \u201cportabilidad\u201d y puede ser \u00fatil en determinadas situaciones.<\/p>\n<p>Para solicitar alguno de estos derechos, deber\u00e1 realizar una solicitud escrita a nuestra direcci\u00f3n, junto con una fotocopia de su DNI, para poder identificarle.<\/p>\n<p>En las oficinas de nuestra entidad disponemos de formularios espec\u00edficos para solicitar dichos derechos y le ofrecemos nuestra ayuda para su cumplimentaci\u00f3n.<\/p>\n<p>Para saber m\u00e1s sobre sus derechos de protecci\u00f3n de datos, puede consultar la p\u00e1gina web de la Agencia Espa\u00f1ola de Protecci\u00f3n de Datos (<a href=\"http:\/\/www.agpd.es\/\">www.agpd.es<\/a>).<\/p>\n<p><b><span style=\"color: inherit; font-family: inherit; font-size: 1.25rem; text-align: var(--text-align);\">\u00bfPUEDE RETIRAR SU CONSENTIMIENTO SI CAMBIA DE OPINI\u00d3N EN UN MOMENTO POSTERIOR?<\/span><br \/><\/b><\/p>\n<p>Usted puede retirar su consentimiento si cambia de opini\u00f3n sobre el uso de sus datos en cualquier momento.<\/p>\n<p>As\u00ed por ejemplo, si usted en su d\u00eda estuvo interesado\/a en recibir publicidad de nuestros productos o servicios, pero ya no desea recibir m\u00e1s publicidad, puede hac\u00e9rnoslo constar a trav\u00e9s del formulario de oposici\u00f3n al tratamiento disponible en las oficinas de nuestra entidad.<\/p>\n<p><b><span style=\"color: inherit; font-family: inherit; font-size: 1.25rem; text-align: var(--text-align);\">EN CASO DE QUE ENTIENDA QUE SUS DERECHOS HAN SIDO DESATENDIDOS, \u00bfD\u00d3NDE PUEDE FORMULAR UNA RECLAMACI\u00d3N?<\/span><br \/><\/b><\/p>\n<p>En caso de que entienda que sus derechos han sido desatendidos por nuestra entidad, puede formular una reclamaci\u00f3n en la Agencia Espa\u00f1ola de Protecci\u00f3n de Datos, a trav\u00e9s de alguno de los medios siguientes:<\/p>\n<ul>\n<li>Sede electr\u00f3nica: www.agpd.es<\/li>\n<li>Direcci\u00f3n postal: Agencia Espa\u00f1ola de Protecci\u00f3n de Datos C\/ Jorge Juan, 6<br \/>28001-Madrid<\/li>\n<li>V\u00eda telef\u00f3nica: Telf. 901 100 099 \/ Telf. 91 266 35 17<\/li>\n<\/ul>\n<p>Formular una reclamaci\u00f3n en la Agencia Espa\u00f1ola de Protecci\u00f3n de Datos no conlleva ning\u00fan coste y no es necesaria la asistencia de abogado ni procurador.<\/p>\n<p><b><span style=\"color: inherit; font-family: inherit; font-size: 1.25rem; text-align: var(--text-align);\">\u00bfELABORAREMOS PERFILES SOBRE USTED?<\/span><br \/><\/b><\/p>\n<p>Nuestra pol\u00edtica es no elaborar perfiles sobre los usuarios de nuestros servicios.<\/p>\n<p>No obstante, pueden existir situaciones en las que, con fines de prestaci\u00f3n del servicio, comerciales o de otro tipo, necesitemos elaborar perfiles de informaci\u00f3n sobre usted. Un ejemplo pudiera ser la utilizaci\u00f3n de su historial de compras o servicios para poder ofrecerle productos o servicios adaptados a sus gustos o necesidades.<\/p>\n<p>En tal caso, aplicaremos medidas de seguridad eficaces que protejan su informaci\u00f3n en todo momento de personas no autorizadas que pretendan utilizarla en su propio beneficio.<\/p>\n<p><b><span style=\"color: inherit; font-family: inherit; font-size: 1.25rem; text-align: var(--text-align);\">\u00bfUSAREMOS SUS DATOS PARA OTROS FINES?<\/span><br \/><\/b><\/p>\n<p>Nuestra pol\u00edtica es no usar sus datos para otras finalidades distintas a las que le hemos explicado. Si, no obstante, necesit\u00e1semos usar sus datos para actividades distintas, siempre le solicitaremos previamente su permiso a trav\u00e9s de opciones claras que le permitir\u00e1n decidir al respecto.<\/p>\t\t\t\t\t\t\t\t<\/div>\n\t\t\t\t<\/div>\n\t\t\t\t\t<\/div>\n\t\t\t\t<\/div>\n\t\t<div class=\"elementor-element elementor-element-e42389e e-flex e-con-boxed e-con e-parent\" data-id=\"e42389e\" data-element_type=\"container\" data-e-type=\"container\" data-settings=\"{&quot;background_background&quot;:&quot;gradient&quot;}\">\n\t\t\t\t\t<div class=\"e-con-inner\">\n\t\t<div class=\"elementor-element elementor-element-431948be e-con-full e-flex e-con e-child\" data-id=\"431948be\" data-element_type=\"container\" data-e-type=\"container\">\n\t\t\t\t<div class=\"elementor-element elementor-element-60056528 elementor-grid-2 e-grid-align-left elementor-shape-rounded elementor-widget elementor-widget-social-icons\" data-id=\"60056528\" data-element_type=\"widget\" data-e-type=\"widget\" data-widget_type=\"social-icons.default\">\n\t\t\t\t<div class=\"elementor-widget-container\">\n\t\t\t\t\t\t\t<div class=\"elementor-social-icons-wrapper elementor-grid\" role=\"list\">\n\t\t\t\t\t\t\t<span class=\"elementor-grid-item\" role=\"listitem\">\n\t\t\t\t\t<a class=\"elementor-icon elementor-social-icon elementor-social-icon-facebook elementor-repeater-item-decc56b\" href=\"https:\/\/www.facebook.com\/diez.retos\/\" target=\"_blank\">\n\t\t\t\t\t\t<span class=\"elementor-screen-only\">Facebook<\/span>\n\t\t\t\t\t\t<svg aria-hidden=\"true\" class=\"e-font-icon-svg e-fab-facebook\" viewBox=\"0 0 512 512\" xmlns=\"http:\/\/www.w3.org\/2000\/svg\"><path d=\"M504 256C504 119 393 8 256 8S8 119 8 256c0 123.78 90.69 226.38 209.25 245V327.69h-63V256h63v-54.64c0-62.15 37-96.48 93.67-96.48 27.14 0 55.52 4.84 55.52 4.84v61h-31.28c-30.8 0-40.41 19.12-40.41 38.73V256h68.78l-11 71.69h-57.78V501C413.31 482.38 504 379.78 504 256z\"><\/path><\/svg>\t\t\t\t\t<\/a>\n\t\t\t\t<\/span>\n\t\t\t\t\t\t\t<span class=\"elementor-grid-item\" role=\"listitem\">\n\t\t\t\t\t<a class=\"elementor-icon elementor-social-icon elementor-social-icon-instagram elementor-repeater-item-d28d865\" href=\"https:\/\/www.instagram.com\/DiezRetos\" target=\"_blank\">\n\t\t\t\t\t\t<span class=\"elementor-screen-only\">Instagram<\/span>\n\t\t\t\t\t\t<svg aria-hidden=\"true\" class=\"e-font-icon-svg e-fab-instagram\" viewBox=\"0 0 448 512\" xmlns=\"http:\/\/www.w3.org\/2000\/svg\"><path d=\"M224.1 141c-63.6 0-114.9 51.3-114.9 114.9s51.3 114.9 114.9 114.9S339 319.5 339 255.9 287.7 141 224.1 141zm0 189.6c-41.1 0-74.7-33.5-74.7-74.7s33.5-74.7 74.7-74.7 74.7 33.5 74.7 74.7-33.6 74.7-74.7 74.7zm146.4-194.3c0 14.9-12 26.8-26.8 26.8-14.9 0-26.8-12-26.8-26.8s12-26.8 26.8-26.8 26.8 12 26.8 26.8zm76.1 27.2c-1.7-35.9-9.9-67.7-36.2-93.9-26.2-26.2-58-34.4-93.9-36.2-37-2.1-147.9-2.1-184.9 0-35.8 1.7-67.6 9.9-93.9 36.1s-34.4 58-36.2 93.9c-2.1 37-2.1 147.9 0 184.9 1.7 35.9 9.9 67.7 36.2 93.9s58 34.4 93.9 36.2c37 2.1 147.9 2.1 184.9 0 35.9-1.7 67.7-9.9 93.9-36.2 26.2-26.2 34.4-58 36.2-93.9 2.1-37 2.1-147.8 0-184.8zM398.8 388c-7.8 19.6-22.9 34.7-42.6 42.6-29.5 11.7-99.5 9-132.1 9s-102.7 2.6-132.1-9c-19.6-7.8-34.7-22.9-42.6-42.6-11.7-29.5-9-99.5-9-132.1s-2.6-102.7 9-132.1c7.8-19.6 22.9-34.7 42.6-42.6 29.5-11.7 99.5-9 132.1-9s102.7-2.6 132.1 9c19.6 7.8 34.7 22.9 42.6 42.6 11.7 29.5 9 99.5 9 132.1s2.7 102.7-9 132.1z\"><\/path><\/svg>\t\t\t\t\t<\/a>\n\t\t\t\t<\/span>\n\t\t\t\t\t<\/div>\n\t\t\t\t\t\t<\/div>\n\t\t\t\t<\/div>\n\t\t\t\t<div class=\"elementor-element elementor-element-511ff149 elementor-align-center elementor-widget elementor-widget-button\" data-id=\"511ff149\" data-element_type=\"widget\" data-e-type=\"widget\" data-widget_type=\"button.default\">\n\t\t\t\t<div class=\"elementor-widget-container\">\n\t\t\t\t\t\t\t\t\t<div class=\"elementor-button-wrapper\">\n\t\t\t\t\t<a class=\"elementor-button elementor-button-link elementor-size-sm\" href=\"https:\/\/diezretos.com\/sala-de-prensa\/\">\n\t\t\t\t\t\t<span class=\"elementor-button-content-wrapper\">\n\t\t\t\t\t\t\t\t\t<span class=\"elementor-button-text\">SALA DE PRENSA<\/span>\n\t\t\t\t\t<\/span>\n\t\t\t\t\t<\/a>\n\t\t\t\t<\/div>\n\t\t\t\t\t\t\t\t<\/div>\n\t\t\t\t<\/div>\n\t\t\t\t<\/div>\n\t\t\t\t<div class=\"elementor-element elementor-element-43695451 elementor-widget elementor-widget-text-editor\" data-id=\"43695451\" data-element_type=\"widget\" data-e-type=\"widget\" data-widget_type=\"text-editor.default\">\n\t\t\t\t<div class=\"elementor-widget-container\">\n\t\t\t\t\t\t\t\t\t<p>\u00a9 2024 | DIEZRETOS es plan estrat\u00e9gico y de relevo generacional ganadero de <a href=\"https:\/\/www.asajamurcia.com\/\" target=\"_blank\" rel=\"noopener\">ASAJA Murcia\u00a0 | <\/a><a href=\"https:\/\/diezretos.com\/politica-privacidad\/\">POL\u00cdTICA DE PRIVACIDAD<\/a> | <strong>info@diezretos.com | +34 646 720 210<\/strong><\/p>\t\t\t\t\t\t\t\t<\/div>\n\t\t\t\t<\/div>\n\t\t\t\t\t<\/div>\n\t\t\t\t<\/div>\n\t\t\t\t<\/div>\n\t\t","protected":false},"excerpt":{"rendered":"<p>Pol\u00edotica de Privacidad del Proyecto DIEZRETOS GANADEROS PARA LE MAR MENOR<\/p>","protected":false},"author":1,"featured_media":31,"parent":0,"menu_order":0,"comment_status":"closed","ping_status":"closed","template":"elementor_canvas","meta":{"footnotes":""},"class_list":["post-3","page","type-page","status-publish","has-post-thumbnail","hentry"],"_links":{"self":[{"href":"https:\/\/diezretos.com\/en\/wp-json\/wp\/v2\/pages\/3","targetHints":{"allow":["GET"]}}],"collection":[{"href":"https:\/\/diezretos.com\/en\/wp-json\/wp\/v2\/pages"}],"about":[{"href":"https:\/\/diezretos.com\/en\/wp-json\/wp\/v2\/types\/page"}],"author":[{"embeddable":true,"href":"https:\/\/diezretos.com\/en\/wp-json\/wp\/v2\/users\/1"}],"replies":[{"embeddable":true,"href":"https:\/\/diezretos.com\/en\/wp-json\/wp\/v2\/comments?post=3"}],"version-history":[{"count":27,"href":"https:\/\/diezretos.com\/en\/wp-json\/wp\/v2\/pages\/3\/revisions"}],"predecessor-version":[{"id":202,"href":"https:\/\/diezretos.com\/en\/wp-json\/wp\/v2\/pages\/3\/revisions\/202"}],"wp:featuredmedia":[{"embeddable":true,"href":"https:\/\/diezretos.com\/en\/wp-json\/wp\/v2\/media\/31"}],"wp:attachment":[{"href":"https:\/\/diezretos.com\/en\/wp-json\/wp\/v2\/media?parent=3"}],"curies":[{"name":"wp","href":"https:\/\/api.w.org\/{rel}","templated":true}]}}